{"id":6837,"date":"2013-12-10T18:31:10","date_gmt":"2013-12-10T18:31:10","guid":{"rendered":"https:\/\/gemaa.iesp.uerj.br\/mapa-das-acoes-afirmativas\/"},"modified":"2022-05-09T15:19:15","modified_gmt":"2022-05-09T15:19:15","slug":"affirmative-action-map","status":"publish","type":"page","link":"https:\/\/gemaa.iesp.uerj.br\/en\/affirmative-action-map\/","title":{"rendered":"Affirmative Action Map"},"content":{"rendered":"\n<p>Mapa interativo contendo a distribui\u00e7\u00e3o das universidades com a\u00e7\u00e3o afirmativa pelo territ\u00f3rio nacional.<\/p>\n\n\n<p><\/p>\n<p><iframe src=\"https:\/\/public.tableau.com\/views\/MapaBrasilAA\/MapaVisual?:embed=y&amp;:display_count=yes&amp;publish=yes&amp;:toolbar=no\" width=\"1000\" height=\"900\"><\/iframe><\/p>\n<div class=\"k2_video\">&nbsp;<\/div>","protected":false},"excerpt":{"rendered":"<p>Mapa interativo contendo a distribui\u00e7\u00e3o das universidades com a\u00e7\u00e3o afirmativa pelo territ\u00f3rio nacional. &nbsp;<\/p>\n","protected":false},"author":3,"featured_media":0,"parent":0,"menu_order":2,"comment_status":"closed","ping_status":"closed","template":"","meta":{"_acf_changed":false,"footnotes":""},"class_list":["post-6837","page","type-page","status-publish","hentry"],"blocksy_meta":{"styles_descriptor":{"styles":{"desktop":"","tablet":"","mobile":""},"google_fonts":[],"version":6}},"featured_image_urls_v2":{"full":"","thumbnail":"","medium":"","medium_large":"","large":"","gs-tiny":"","xl":"","xxl":"","xxxl":"","xxxxl":"","xxxxxl":"","1536x1536":"","2048x2048":""},"post_excerpt_stackable_v2":"<p>Mapa interativo contendo a distribui\u00e7\u00e3o das universidades com a\u00e7\u00e3o afirmativa pelo territ\u00f3rio nacional. &nbsp;<\/p>\n","category_list_v2":"","author_info_v2":{"name":"clayton","url":"https:\/\/gemaa.iesp.uerj.br\/en\/author\/clayton\/"},"comments_num_v2":"0 comments","acf":[],"_links":{"self":[{"href":"https:\/\/gemaa.iesp.uerj.br\/en\/wp-json\/wp\/v2\/pages\/6837","targetHints":{"allow":["GET"]}}],"collection":[{"href":"https:\/\/gemaa.iesp.uerj.br\/en\/wp-json\/wp\/v2\/pages"}],"about":[{"href":"https:\/\/gemaa.iesp.uerj.br\/en\/wp-json\/wp\/v2\/types\/page"}],"author":[{"embeddable":true,"href":"https:\/\/gemaa.iesp.uerj.br\/en\/wp-json\/wp\/v2\/users\/3"}],"replies":[{"embeddable":true,"href":"https:\/\/gemaa.iesp.uerj.br\/en\/wp-json\/wp\/v2\/comments?post=6837"}],"version-history":[{"count":0,"href":"https:\/\/gemaa.iesp.uerj.br\/en\/wp-json\/wp\/v2\/pages\/6837\/revisions"}],"wp:attachment":[{"href":"https:\/\/gemaa.iesp.uerj.br\/en\/wp-json\/wp\/v2\/media?parent=6837"}],"curies":[{"name":"wp","href":"https:\/\/api.w.org\/{rel}","templated":true}]}}