{"id":6828,"date":"2021-10-23T18:37:52","date_gmt":"2021-10-23T18:37:52","guid":{"rendered":"https:\/\/gemaa.iesp.uerj.br\/definicao\/"},"modified":"2022-05-09T17:41:51","modified_gmt":"2022-05-09T17:41:51","slug":"what-are-affirmative-actions","status":"publish","type":"page","link":"https:\/\/gemaa.iesp.uerj.br\/en\/what-are-affirmative-actions\/","title":{"rendered":"What are affirmative actions?"},"content":{"rendered":"\n<p><strong><span style=\"color: var(--theme-palette-color-4, #102136);\" class=\"stk-highlight\">A\u00e7\u00f5es afirmativas<\/span><\/strong>&nbsp;s\u00e3o pol\u00edticas&nbsp;<strong><span style=\"color: var(--theme-palette-color-4, #102136);\" class=\"stk-highlight\">focais<\/span><\/strong>&nbsp;que alocam recursos em benef\u00edcio de pessoas pertencentes a grupos&nbsp;<strong><span style=\"color: var(--theme-palette-color-4, #102136);\" class=\"stk-highlight\">discriminados<\/span><\/strong>&nbsp;e vitimados pela&nbsp;<strong><span style=\"color: var(--theme-palette-color-4, #102136);\" class=\"stk-highlight\">exclus\u00e3o<\/span><\/strong>&nbsp;s\u00f3cio-econ\u00f4mica no passado ou no presente. Trata-se de medidas que t\u00eam como objetivo combater discrimina\u00e7\u00f5es&nbsp;<strong><span style=\"color: var(--theme-palette-color-4, #102136);\" class=\"stk-highlight\">\u00e9tnicas, raciais, religiosas, de g\u00eanero, de classe ou de casta<\/span><\/strong>, aumentando a participa\u00e7\u00e3o de minorias no processo pol\u00edtico, no acesso \u00e0 educa\u00e7\u00e3o, sa\u00fade, emprego, bens materiais, redes de prote\u00e7\u00e3o social e\/ou no reconhecimento cultural.<\/p>\n\n\n\n<p>Entre as medidas que podemos classificar como a\u00e7\u00f5es afirmativas podemos mencionar: incremento da contrata\u00e7\u00e3o e promo\u00e7\u00e3o de membros de grupos discriminados no emprego e na educa\u00e7\u00e3o por via de metas, cotas, b\u00f4nus&nbsp; ou fundos de est\u00edmulo; bolsas de estudo; empr\u00e9stimos e prefer\u00eancia em contratos p\u00fablicos; determina\u00e7\u00e3o de metas&nbsp; ou cotas m\u00ednimas de participa\u00e7\u00e3o na m\u00eddia, na pol\u00edtica e outros \u00e2mbitos; repara\u00e7\u00f5es financeiras; distribui\u00e7\u00e3o de terras e habita\u00e7\u00e3o; medidas de prote\u00e7\u00e3o a estilos de vida amea\u00e7ados; e pol\u00edticas de valoriza\u00e7\u00e3o identit\u00e1ria.<\/p>\n\n\n\n<p>Sob essa rubrica podemos, portanto, incluir medidas que englobam tanto a promo\u00e7\u00e3o da igualdade material e de direitos b\u00e1sicos de cidadania como tamb\u00e9m formas de valoriza\u00e7\u00e3o \u00e9tnica e cultural. Esses procedimentos podem ser de iniciativa e \u00e2mbito de aplica\u00e7\u00e3o p\u00fablico ou privado, e adotados de forma volunt\u00e1ria e descentralizada ou por determina\u00e7\u00e3o legal.<\/p>\n\n\n\n<p>A a\u00e7\u00e3o afirmativa se diferencia das pol\u00edticas puramente anti-discriminat\u00f3rias por atuar preventivamente em favor de indiv\u00edduos que potencialmente s\u00e3o discriminados, o que pode ser entendido tanto como uma preven\u00e7\u00e3o \u00e0 discrimina\u00e7\u00e3o quanto como uma repara\u00e7\u00e3o de seus efeitos. Pol\u00edticas puramente anti-discriminat\u00f3rias, por outro lado, atuam apenas por meio de repress\u00e3o aos discriminadores ou de conscientiza\u00e7\u00e3o dos indiv\u00edduos que podem vir a praticar atos discriminat\u00f3rios.<\/p>\n\n\n\n<p>No debate p\u00fablico e acad\u00eamico, a a\u00e7\u00e3o afirmativa com freq\u00fc\u00eancia assume um significado mais restrito, sendo entendida como uma pol\u00edtica cujo objetivo \u00e9 assegurar o acesso a posi\u00e7\u00f5es sociais importantes a membros de grupos que, na aus\u00eancia dessa medida, permaneceriam exclu\u00eddos. Nesse sentido, seu principal objetivo seria combater desigualdades e dessegregar as elites, tornando sua composi\u00e7\u00e3o mais representativa do perfil demogr\u00e1fico da sociedade.<\/p>\n\n\n\n<h5 class=\"wp-block-heading\">Refer\u00eancia<\/h5>\n\n\n\n<p>FERES J\u00daNIOR, Jo\u00e3o; CAMPOS, Luiz Augusto; DAFLON, Veronica Toste; VENTURINI, Anna. A\u00e7\u00e3o Afirmativa: Hist\u00f3ria, Conceito e Debates. Rio de Janeiro: EdUERJ, 2018. Dispon\u00edvel&nbsp;<a href=\"http:\/\/books.scielo.org\/id\/2mvbb\/pdf\/feres-9786599036477.pdf\" target=\"_blank\" rel=\"noreferrer noopener\">aqui<\/a>.<\/p>\n","protected":false},"excerpt":{"rendered":"<p>A\u00e7\u00f5es afirmativas&nbsp;s\u00e3o pol\u00edticas&nbsp;focais&nbsp;que alocam recursos em benef\u00edcio de pessoas pertencentes a grupos&nbsp;discriminados&nbsp;e vitimados pela&nbsp;exclus\u00e3o&nbsp;s\u00f3cio-econ\u00f4mica no passado ou no presente. Trata-se de medidas que t\u00eam como objetivo combater discrimina\u00e7\u00f5es&nbsp;\u00e9tnicas, raciais, religiosas, de g\u00eanero, de classe ou de casta, aumentando a participa\u00e7\u00e3o de minorias no processo pol\u00edtico, no acesso \u00e0 educa\u00e7\u00e3o, sa\u00fade, emprego, bens materiais, redes de [&hellip;]<\/p>\n","protected":false},"author":12,"featured_media":0,"parent":0,"menu_order":0,"comment_status":"closed","ping_status":"closed","template":"","meta":{"_acf_changed":false,"footnotes":""},"class_list":["post-6828","page","type-page","status-publish","hentry"],"blocksy_meta":{"styles_descriptor":{"styles":{"desktop":"","tablet":"","mobile":""},"google_fonts":[],"version":6},"page_title_panel":"","has_hero_section":"default","686a6d4065278ca375b04a61ac9f4b22":"","hero_section":"type-1","hero_elements":[{"id":"custom_title","enabled":true,"heading_tag":"h1","title":"P\u00e1gina inicial"},{"id":"custom_description","enabled":true,"description_visibility":{"desktop":true,"tablet":true,"mobile":false}},{"id":"custom_meta","enabled":false,"meta_elements":[{"id":"author","enabled":true,"label":"Por","has_author_avatar":"yes","avatar_size":25},{"id":"post_date","enabled":true,"label":"Em","date_format_source":"default","date_format":"M j, Y"},{"id":"updated_date","enabled":false,"label":"Em","date_format_source":"default","date_format":"M j, Y"},{"id":"categories","enabled":false,"label":"Em","style":"simple"},{"id":"comments","enabled":true}],"page_meta_elements":{"joined":true,"articles_count":true,"comments":true}},{"id":"breadcrumbs","enabled":false}],"236add309e332dcb303c6ffe7edbf023":"","hero_alignment1":"CT_CSS_SKIP_RULE","hero_margin":40,"hero_alignment2":"center","hero_vertical_alignment":"center","220533ee3f134e7c44a1dae857508ab9":"","hero_structure":"narrow","7f3426a11c59cb499bfdcff4486065db":"","page_title_bg_type":"featured_image","custom_hero_background":{"attachment_id":null},"parallax":{"desktop":false,"tablet":false,"mobile":false},"494852759a1fa83b7ef333ae07a4b1c9":"","hero_height":"250px","pageTitleFont":{"family":"Default","variation":"Default","size":"30px","line-height":"CT_CSS_SKIP_RULE","letter-spacing":"CT_CSS_SKIP_RULE","text-transform":"CT_CSS_SKIP_RULE","text-decoration":"CT_CSS_SKIP_RULE"},"pageTitleFontColor":{"default":{"color":"CT_CSS_SKIP_RULEDEFAULT"}},"pageMetaFont":{"family":"Default","variation":"n6","size":"12px","line-height":"1.3","letter-spacing":"CT_CSS_SKIP_RULE","text-transform":"uppercase","text-decoration":"CT_CSS_SKIP_RULE"},"pageMetaFontColor":{"default":{"color":"CT_CSS_SKIP_RULEDEFAULT"},"hover":{"color":"CT_CSS_SKIP_RULEDEFAULT"}},"page_meta_button_type_font_colors":{"default":{"color":"CT_CSS_SKIP_RULEDEFAULT"},"hover":{"color":"CT_CSS_SKIP_RULEDEFAULT"}},"page_meta_button_type_background_colors":{"default":{"color":"CT_CSS_SKIP_RULEDEFAULT"},"hover":{"color":"CT_CSS_SKIP_RULEDEFAULT"}},"pageExcerptFont":{"family":"Default","variation":"Default","size":"CT_CSS_SKIP_RULE","line-height":"CT_CSS_SKIP_RULE","letter-spacing":"CT_CSS_SKIP_RULE","text-transform":"CT_CSS_SKIP_RULE","text-decoration":"CT_CSS_SKIP_RULE"},"pageExcerptColor":{"default":{"color":"CT_CSS_SKIP_RULEDEFAULT"}},"breadcrumbsFont":{"family":"Default","variation":"Default","size":"CT_CSS_SKIP_RULE","line-height":"CT_CSS_SKIP_RULE","letter-spacing":"CT_CSS_SKIP_RULE","text-transform":"CT_CSS_SKIP_RULE","text-decoration":"CT_CSS_SKIP_RULE"},"breadcrumbsFontColor":{"default":{"color":"CT_CSS_SKIP_RULEDEFAULT"},"initial":{"color":"CT_CSS_SKIP_RULEDEFAULT"},"hover":{"color":"CT_CSS_SKIP_RULEDEFAULT"}},"acf_field_hero_elements":"","typography":{"family":"Default","variation":"Default","size":"CT_CSS_SKIP_RULE","line-height":"CT_CSS_SKIP_RULE","letter-spacing":"CT_CSS_SKIP_RULE","text-transform":"CT_CSS_SKIP_RULE","text-decoration":"CT_CSS_SKIP_RULE"},"color":{"default":{"color":"CT_CSS_SKIP_RULEDEFAULT"},"hover":{"color":"CT_CSS_SKIP_RULEDEFAULT"}},"metabox_field_hero_elements":"","toolset_field_hero_elements":"","jetengine_field_hero_elements":"","custom_field_hero_elements":"","pageTitleOverlay":{"background_type":"color","background_pattern":"type-1","background_image":{"attachment_id":null,"x":0,"y":0},"gradient":"linear-gradient(135deg,rgba(6,147,227,1) 0%,rgb(155,81,224) 100%)","background_repeat":"repeat","background_size":"auto","background_attachment":"scroll","patternColor":{"default":{"color":"#e5e7ea"}},"overlayColor":{"default":{"color":"CT_CSS_SKIP_RULE"}},"backgroundColor":{"default":{"color":"CT_CSS_SKIP_RULE"}}},"pageTitleBackground":{"background_type":"color","background_pattern":"type-1","background_image":{"attachment_id":null,"x":0,"y":0},"gradient":"linear-gradient(135deg,rgba(6,147,227,1) 0%,rgb(155,81,224) 100%)","background_repeat":"repeat","background_size":"auto","background_attachment":"scroll","patternColor":{"default":{"color":"#e5e7ea"}},"overlayColor":{"default":{"color":"CT_CSS_SKIP_RULE"}},"backgroundColor":{"default":{"color":"var(--theme-palette-color-6)"}}},"pageTitlePadding":{"top":"50px","bottom":"50px","left":"auto","right":"auto","linked":true},"d0dba2a448a4b3f175502d6a44e9abad":"","page_structure_type":"type-3","bdf2d7020b54e68e68676abcaaa5d7dd":"","content_style_source":"inherit","content_style":"wide","vertical_spacing_source":"inherit","content_area_spacing":"both","background":{"background_type":"color","background_pattern":"type-1","background_image":{"attachment_id":null,"x":0,"y":0},"gradient":"linear-gradient(135deg,rgba(6,147,227,1) 0%,rgb(155,81,224) 100%)","background_repeat":"repeat","background_size":"auto","background_attachment":"scroll","patternColor":{"default":{"color":"#e5e7ea"}},"overlayColor":{"default":{"color":"CT_CSS_SKIP_RULE"}},"backgroundColor":{"default":{"color":"CT_CSS_SKIP_RULE"}}},"content_background":{"background_type":"color","background_pattern":"type-1","background_image":{"attachment_id":null,"x":0,"y":0},"gradient":"linear-gradient(135deg,rgba(6,147,227,1) 0%,rgb(155,81,224) 100%)","background_repeat":"repeat","background_size":"auto","background_attachment":"scroll","patternColor":{"default":{"color":"#e5e7ea"}},"overlayColor":{"default":{"color":"CT_CSS_SKIP_RULE"}},"backgroundColor":{"default":{"color":"var(--theme-palette-color-8)"}}},"content_boxed_shadow":{"inherit":false,"blur":18,"spread":-6,"v_offset":12,"h_offset":0,"inset":false,"enable":true,"color":{"color":"rgba(34, 56, 101, 0.04)"}},"boxed_content_spacing":{"desktop":{"top":"40px","bottom":"40px","left":"40px","right":"40px","linked":true},"tablet":{"top":"35px","bottom":"35px","left":"35px","right":"35px","linked":true},"mobile":{"top":"20px","bottom":"20px","left":"20px","right":"20px","linked":true}},"content_boxed_radius":{"top":"3px","bottom":"3px","left":"3px","right":"3px","linked":true},"dd552e64ce23ef61fada3790b7ee6ecc":"","disable_featured_image":"no","disable_header":"no","disable_footer":"no"},"featured_image_urls_v2":{"full":"","thumbnail":"","medium":"","medium_large":"","large":"","gs-tiny":"","xl":"","xxl":"","xxxl":"","xxxxl":"","xxxxxl":"","1536x1536":"","2048x2048":""},"post_excerpt_stackable_v2":"<p>A\u00e7\u00f5es afirmativas&nbsp;s\u00e3o pol\u00edticas&nbsp;focais&nbsp;que alocam recursos em benef\u00edcio de pessoas pertencentes a grupos&nbsp;discriminados&nbsp;e vitimados pela&nbsp;exclus\u00e3o&nbsp;s\u00f3cio-econ\u00f4mica no passado ou no presente. Trata-se de medidas que t\u00eam como objetivo combater discrimina\u00e7\u00f5es&nbsp;\u00e9tnicas, raciais, religiosas, de g\u00eanero, de classe ou de casta, aumentando a participa\u00e7\u00e3o de minorias no processo pol\u00edtico, no acesso \u00e0 educa\u00e7\u00e3o, sa\u00fade, emprego, bens materiais, redes de prote\u00e7\u00e3o social e\/ou no reconhecimento cultural. Entre as medidas que podemos classificar como a\u00e7\u00f5es afirmativas podemos mencionar: incremento da contrata\u00e7\u00e3o e promo\u00e7\u00e3o de membros de grupos discriminados no emprego e na educa\u00e7\u00e3o por via de metas, cotas, b\u00f4nus&nbsp; ou fundos de est\u00edmulo; bolsas de estudo;&hellip;<\/p>\n","category_list_v2":"","author_info_v2":{"name":"Poema Portela","url":"https:\/\/gemaa.iesp.uerj.br\/en\/author\/poema\/"},"comments_num_v2":"0 comments","acf":[],"_links":{"self":[{"href":"https:\/\/gemaa.iesp.uerj.br\/en\/wp-json\/wp\/v2\/pages\/6828","targetHints":{"allow":["GET"]}}],"collection":[{"href":"https:\/\/gemaa.iesp.uerj.br\/en\/wp-json\/wp\/v2\/pages"}],"about":[{"href":"https:\/\/gemaa.iesp.uerj.br\/en\/wp-json\/wp\/v2\/types\/page"}],"author":[{"embeddable":true,"href":"https:\/\/gemaa.iesp.uerj.br\/en\/wp-json\/wp\/v2\/users\/12"}],"replies":[{"embeddable":true,"href":"https:\/\/gemaa.iesp.uerj.br\/en\/wp-json\/wp\/v2\/comments?post=6828"}],"version-history":[{"count":0,"href":"https:\/\/gemaa.iesp.uerj.br\/en\/wp-json\/wp\/v2\/pages\/6828\/revisions"}],"wp:attachment":[{"href":"https:\/\/gemaa.iesp.uerj.br\/en\/wp-json\/wp\/v2\/media?parent=6828"}],"curies":[{"name":"wp","href":"https:\/\/api.w.org\/{rel}","templated":true}]}}