{"id":6804,"date":"2021-10-20T08:09:04","date_gmt":"2021-10-20T08:09:04","guid":{"rendered":"https:\/\/gemaa.iesp.uerj.br\/sobre\/"},"modified":"2022-05-17T18:29:08","modified_gmt":"2022-05-17T18:29:08","slug":"about","status":"publish","type":"page","link":"https:\/\/gemaa.iesp.uerj.br\/en\/about\/","title":{"rendered":"About"},"content":{"rendered":"\n<p>O Grupo de Estudos Multidisciplinar da A\u00e7\u00e3o Afirmativa (GEMAA) \u00e9 um n\u00facleo de pesquisa com inscri\u00e7\u00e3o no CNPq e sede no IESP-UERJ. Criado em 2008 com o intuito de produzir estudos sobre a\u00e7\u00e3o afirmativa a partir de uma variedade de abordagens metodol\u00f3gicas, o GEMAA ampliou sua \u00e1rea de atua\u00e7\u00e3o e hoje desenvolve investiga\u00e7\u00f5es sobre a representa\u00e7\u00e3o de ra\u00e7a e g\u00eanero na educa\u00e7\u00e3o, na m\u00eddia, na pol\u00edtica e em diversas outras esferas da vida social.<br>Al\u00e9m das atividades de pesquisa, o grupo tem ampla participa\u00e7\u00e3o no debate acad\u00eamico e jornal\u00edstico, seja pela produ\u00e7\u00e3o de dados sistem\u00e1ticos sobre nossas desigualdades, seja pela dissemina\u00e7\u00e3o de an\u00e1lises sobre nossa realidade social. O GEMAA tamb\u00e9m realiza diversos eventos para discutir seus levantamentos e quest\u00f5es candentes do momento.<br><\/p>\n\n\n\n<p class=\"has-normal-font-size\"><strong>Conhe\u00e7a mais sobre o grupo:<\/strong><\/p>\n\n\n\n<div class=\"wp-block-buttons is-content-justification-left is-layout-flex wp-block-buttons-is-layout-flex\">\n<div class=\"wp-block-button\"><a class=\"wp-block-button__link\" href=\"https:\/\/gemaa.iesp.uerj.br\/equipe\/\" target=\"_blank\" rel=\"noreferrer noopener\">Equipe<\/a><\/div>\n\n\n\n<div class=\"wp-block-button\"><a class=\"wp-block-button__link\" href=\"https:\/\/gemaa.iesp.uerj.br\/projetos-de-pesquisa\/\" target=\"_blank\" rel=\"noreferrer noopener\">Projetos de pesquisa<\/a><\/div>\n\n\n\n<div class=\"wp-block-button\"><a class=\"wp-block-button__link\" href=\"\" target=\"_blank\" rel=\"noreferrer noopener\">Depoimentos<\/a><\/div>\n\n\n\n<div class=\"wp-block-button\"><a class=\"wp-block-button__link\" href=\"https:\/\/gemaa.iesp.uerj.br\/gemaa-na-midia\/\" target=\"_blank\" rel=\"noreferrer noopener\">GEMAA na M\u00eddia<\/a><\/div>\n<\/div>\n\n\n\n<h3 class=\"wp-block-heading\">Depoimentos<\/h3>\n\n\n<div id=\"gutenslider-l39zbo0yn\" class=\"wp-block-eedee-block-gutenslider gs-frontend content-change alignnone adaptive-height arrow-style-1 arrow-position-sides arrow-mb-none arrows-lg arrows-md arrows-sm dot-style-1 dots-lg dots-md dots-sm dot-position-bottom is-position-center-center mb-none wrap-auto-height\" data-parallax-direction=\"down\" data-parallax-amount=\"1.3\" data-lg-transition=\"lg-slide\" data-hash=\"\" ><div class=\"eedee-swiper-outer\" style=\"--gutenslider-min-height: 100px;--gutenslider-arrow-size: 30px;--gutenslider-dot-size: 25px;--gutenslider-arrow-color: #000000;--gutenslider-dot-color: #ffffff;--gutenslider-padding-y-mobile: 40px;--gutenslider-padding-x-mobile: 40px;--gutenslider-padding-y-tablet: 40px;--gutenslider-padding-x-tablet: 40px;--gutenslider-padding-y-desktop: 40px;--gutenslider-padding-x-desktop: 40px;--gutenslider-bg-image: url();--gutenslider-min-height-md: 50vh;--gutenslider-min-height-sm: 50vh;--gutenslider-padding-x: 40px;--gutenslider-padding-x-md: 40px;--gutenslider-padding-x-sm: 20px;--gutenslider-padding-y: 40px;--gutenslider-padding-y-md: 40px;--gutenslider-padding-y-sm: 20px;--gutenslider-arrow-size-md: 30px;--gutenslider-arrow-size-sm: 30px;--gutenslider-dot-size-md: 25px;--gutenslider-dot-size-sm: 25px;--gutenslider-arrow-bg-color: transparent;--gutenslider-arrow-hover-color: #000000bb;--gutenslider-arrow-bg-hover-color: transparent;--gutenslider-arrow-x-offset: 10px;--gutenslider-arrow-x-offset-md: 10px;--gutenslider-arrow-x-offset-sm: 10px;--gutenslider-arrow-y-offset: 0px;--gutenslider-arrow-y-offset-md: 0px;--gutenslider-arrow-y-offset-sm: 0px;--gutenslider-arrow-x-spacing: 0px;--gutenslider-dot-y-offset: 10px;--gutenslider-dot-y-offset-md: 10px;--gutenslider-dot-y-offset-sm: 10px;--gutenslider-margin-x: 0px;--gutenslider-margin-x-md: 0px;--gutenslider-margin-x-sm: 0px;--gutenslider-margin-y: 0px;--gutenslider-margin-y-md: 0px;--gutenslider-margin-y-sm: 0px;--gutenslider-divider-top: 60px;--gutenslider-divider-bottom: 60px;--gutenslider-lightgallery-bg: #ffffff;--gutenslider-lightgallery-font: #000000;--gs-first-pos: 50% 50%;--gs-gap-vertical: var( --wp--style--gallery-gap-default, var( --gallery-block--gutter-size, var( --wp--style--block-gap, 0.5em ) ) );--gs-gap-horizontal: var( --wp--style--gallery-gap-default, var( --gallery-block--gutter-size, var( --wp--style--block-gap, 0.5em ) ) );\"><div class=\"gutenslider-divider-top\" style=\"color:#fff;\"><\/div><div class=\"swiper\" data-settings='{\"autoplay\":false,\"speed\":700,\"direction\":\"horizontal\",\"autoHeight\":\"\",\"loop\":true,\"centeredSlides\":true,\"spaceBetween\":0,\"slidesPerView\":1,\"slidesPerGroup\":1,\"effect\":\"slide\",\"coverflowEffect\":{\"rotate\":30,\"slideShadows\":false,\"depth\":100,\"stretch\":50,\"modifier\":1},\"fadeEffect\":{\"crossFade\":true},\"zoom\":\"\",\"navigation\":{\"nextEl\":\"#gutenslider-l39zbo0yn .eedee-gutenslider-next\",\"prevEl\":\"#gutenslider-l39zbo0yn .eedee-gutenslider-prev\"},\"pagination\":{\"type\":\"bullets\",\"clickable\":true,\"dynamicBullets\":false,\"el\":\"#gutenslider-l39zbo0yn .eedee-gutenslider-pagination\"},\"pauseOnHover\":\"1\",\"watchSlidesProgress\":true,\"watchSlidesVisibility\":true,\"settingsMd\":{\"autoHeight\":\"\",\"slidesPerView\":1,\"slidesPerGroup\":1,\"spaceBetween\":0,\"loop\":true},\"settingsLg\":{\"autoHeight\":\"1\",\"slidesPerView\":1,\"slidesPerGroup\":1,\"spaceBetween\":0,\"loop\":true},\"hasLg\":false,\"hasLgCounter\":true,\"isFullScreen\":false,\"arrowsFollowMouse\":false,\"lgTitle\":\"none\",\"lgCaption\":\"none\",\"lgThumbnails\":true,\"lgZoomEnabled\":false,\"keyboard\":{\"keyboard\":{\"enabled\":true,\"onlyInViewport\":true}},\"hashNavigation\":false,\"dividers\":false}'><div class=\"swiper-wrapper\">\n<div class=\"swiper-slide wp-block-eedee-block-gutenslide is-position-center-center ed-bg-none\" style=\"--slide-min-width:80%;\" data-hash=\"\"><div class=\"eedee-background-div no-media-background\"><div class=\"eedee-background-div__overlay\" style=\"opacity:1;\"><\/div><\/div><div class=\"slide-content\">\n\n<blockquote class=\"wp-block-quote is-layout-flow wp-block-quote-is-layout-flow\"><p>&#8220;Servidoras da ANCINE organizam o I Semin\u00e1rio Diversidades, com apresenta\u00e7\u00e3o da pesquisa do&nbsp;<strong>Gemaa (Grupo de Estudos Multidisciplinar da A\u00e7\u00e3o Afirmativa)<\/strong>, da Universidade Estadual do Rio de Janeiro (UERJ), &#8220;A Cara do Cinema Nacional&#8221;, que investigou g\u00eanero e ra\u00e7a nas obras brasileiras. Por iniciativa do corpo t\u00e9cnico da Ag\u00eancia, o Semin\u00e1rio Diversidades passa a ser realizado anualmente para discutir a produ\u00e7\u00e3o audiovisual de mulheres e negros e o papel institucional da ANCINE na promo\u00e7\u00e3o de maior equidade de g\u00eanero e ra\u00e7a no mercado por ela fomentado e regulado.&#8221;<\/p><cite><meta charset=\"utf-8\"><em><meta charset=\"utf-8\"><em>ANCINE, <a href=\"https:\/\/gemaa.iesp.uerj.br\/wp-content\/uploads\/2018\/09\/Ancine-GEMAA.pdf\" data-type=\"URL\" data-id=\"https:\/\/gemaa.iesp.uerj.br\/wp-content\/uploads\/2018\/09\/Ancine-GEMAA.pdf\" target=\"_blank\" rel=\"noreferrer noopener\">Cartilha &#8220;Diversidade de Genero e Ra\u00e7a no Cinema 2016-2017&#8221;<\/a><\/em><\/em><\/cite><\/blockquote>\n\n<\/div><\/div>\n\n<div class=\"swiper-slide wp-block-eedee-block-gutenslide is-position-center-center ed-bg-none\" style=\"--slide-min-width:80%;\" data-hash=\"\"><div class=\"eedee-background-div no-media-background\"><div class=\"eedee-background-div__overlay\" style=\"opacity:1;\"><\/div><\/div><div class=\"slide-content\">\n\n<blockquote class=\"wp-block-quote is-layout-flow wp-block-quote-is-layout-flow\"><p>&#8220;Que os negros s\u00e3o a maioria da popula\u00e7\u00e3o brasileira. mas a minoria na televis\u00e3o. todos n\u00f3s sabemos. Outro dia li um texto sobre os estere\u00f3tipos das novelas brasileiras, escrito pela Lara Vascouto, criadora do site N\u00f3 de Oito. que mostra que o buraco \u00e9 mais embaixo. O&nbsp;Geema (Grupo de Estudos Multidisciplinares da A\u00e7\u00e3o Afirmativa)&nbsp;resolveu calcular quantas vezes os negros tiveram pap\u00e9is centrais nas novelas, e a\u00ed a discrep\u00e2ncia com rela\u00e7\u00e3o aos brancos \u00e9 realmente estarrecedora. N\u00e3o quero ficar aqui repetindo o artigo d~ mas n\u00e3o resisto a apresentar alguns n\u00fameros&#8221;<\/p><cite><meta charset=\"utf-8\"><em>L\u00e1zaro Ramos no livro &#8220;<a href=\"https:\/\/www.companhiadasletras.com.br\/detalhe.php?codigo=28000108\" data-type=\"URL\" data-id=\"https:\/\/www.companhiadasletras.com.br\/detalhe.php?codigo=28000108\" target=\"_blank\" rel=\"noreferrer noopener\">Na Minha Pele<\/a>&#8221; (Editora Objetiva, 2017)<\/em><\/cite><\/blockquote>\n\n<\/div><\/div>\n\n<div class=\"swiper-slide wp-block-eedee-block-gutenslide is-position-center-center ed-bg-none\" style=\"--slide-min-width:80%;\" data-hash=\"\"><div class=\"eedee-background-div no-media-background\"><div class=\"eedee-background-div__overlay\" style=\"opacity:1;\"><\/div><\/div><div class=\"slide-content\">\n\n<blockquote class=\"wp-block-quote is-layout-flow wp-block-quote-is-layout-flow\"><p>&#8220;Enquanto atores brancos e atrizes brancas recebem amplas oportunidades de representa\u00e7\u00e3o na ind\u00fastria audiovisual, negros e negras ainda lutam para que suas atua\u00e7\u00f5es n\u00e3o firam a humanidade de pessoas negras. Do mesmo modo, ainda s\u00e3o poucos os cineastas, roteiristas e produtores negros: as op\u00e7\u00f5es ficam limitadas como resultado do racismo estrutural. Nas reda\u00e7\u00f5es de jornais n\u00e3o \u00e9 diferente. Segundo o Grupo de Estudos Multidisciplinar da A\u00e7\u00e3o Afirmativa (Gemaa), n\u00facleo de pesquisas sediado na Uerj, nem 10% dos colunistas dos grandes jornais s\u00e3o negros. No meu caso, quando comecei a escrever na CartaCapital, comentando filmes, livros ou textos de outras pessoas, mais de uma vez algu\u00e9m ligou furioso na reda\u00e7\u00e3o, dizendo que eu n\u00e3o havia entendido o que quiseram dizer. Eu achava curioso, pois era como se a cr\u00edtica de uma pessoa negra ao trabalho de uma pessoa branca rompesse com o pacto narc\u00edsico. O racismo conhece o potencial transformador da potente voz de grupos historicamente silenciados&#8221;<\/p><cite><meta charset=\"utf-8\"><em><meta charset=\"utf-8\"><em><meta charset=\"utf-8\"><em><em>Djamila Ribeiro no livro &#8220;Pequeno Manual Antirracista&#8221; (Companhia das Letras, 2019)<\/em><\/em><\/em><\/em><\/cite><\/blockquote>\n\n<\/div><\/div>\n<\/div><\/div><button class=\"eedee-gutenslider-nav eedee-gutenslider-prev\"><svg xmlns=\"http:\/\/www.w3.org\/2000\/svg\" viewBox=\"0 0 24 24\" width=\"24\" height=\"24\"><circle class=\"bg\" cx=\"13\" cy=\"12\" r=\"11\" \/><path fill=\"none\" d=\"M0 0h24v24H0z\"\/><path class=\"arrow\" d=\"M10.828 12l4.95 4.95-1.414 1.414L8 12l6.364-6.364 1.414 1.414z\"\/><\/svg><\/button><button class=\"eedee-gutenslider-nav eedee-gutenslider-next\"><svg xmlns=\"http:\/\/www.w3.org\/2000\/svg\" viewBox=\"0 0 24 24\" width=\"24\" height=\"24\"><circle class=\"bg\" cx=\"11\" cy=\"12\" r=\"11\" \/><path fill=\"none\" d=\"M0 0h24v24H0z\"\/><path class=\"arrow\" d=\"M13.172 12l-4.95-4.95 1.414-1.414L16 12l-6.364 6.364-1.414-1.414z\"\/><\/svg><\/button><div class=\"eedee-gutenslider-pagination\"><\/div><div class=\"gutenslider-divider-bottom \" style=\"color:#fff;\"><\/div><\/div><\/div>","protected":false},"excerpt":{"rendered":"<p>O Grupo de Estudos Multidisciplinar da A\u00e7\u00e3o Afirmativa (GEMAA) \u00e9 um n\u00facleo de pesquisa com inscri\u00e7\u00e3o no CNPq e sede no IESP-UERJ. Criado em 2008 com o intuito de produzir estudos sobre a\u00e7\u00e3o afirmativa a partir de uma variedade de abordagens metodol\u00f3gicas, o GEMAA ampliou sua \u00e1rea de atua\u00e7\u00e3o e hoje desenvolve investiga\u00e7\u00f5es sobre a [&hellip;]<\/p>\n","protected":false},"author":1,"featured_media":0,"parent":0,"menu_order":0,"comment_status":"closed","ping_status":"closed","template":"","meta":{"_acf_changed":false,"footnotes":""},"class_list":["post-6804","page","type-page","status-publish","hentry"],"blocksy_meta":{"styles_descriptor":{"styles":{"desktop":"","tablet":"","mobile":""},"google_fonts":[],"version":6},"page_title_panel":"","has_hero_section":"default","b6150294940dbca5a6bfefe422da09eb":"","hero_section":"type-1","hero_elements":[{"id":"custom_title","enabled":true,"heading_tag":"h1","title":"P\u00e1gina inicial"},{"id":"custom_description","enabled":true,"description_visibility":{"desktop":true,"tablet":true,"mobile":false}},{"id":"custom_meta","enabled":false,"meta_elements":[{"id":"author","enabled":true,"label":"Por","has_author_avatar":"yes","avatar_size":25},{"id":"post_date","enabled":true,"label":"Em","date_format_source":"default","date_format":"M j, Y"},{"id":"updated_date","enabled":false,"label":"Em","date_format_source":"default","date_format":"M j, Y"},{"id":"categories","enabled":false,"label":"Em","style":"simple"},{"id":"comments","enabled":true}],"page_meta_elements":{"joined":true,"articles_count":true,"comments":true}},{"id":"breadcrumbs","enabled":false}],"d5fd36baaa3c1a53fd3d97ac50f1033e":"","hero_alignment1":"CT_CSS_SKIP_RULE","hero_margin":40,"hero_alignment2":"center","hero_vertical_alignment":"center","76924b754e47c119ee27ff09924af372":"","hero_structure":"narrow","6de6379809454c871587ebd6f6453c28":"","page_title_bg_type":"featured_image","custom_hero_background":{"attachment_id":null},"parallax":{"desktop":false,"tablet":false,"mobile":false},"6c706b878da1f782bce3c98380b887bf":"","hero_height":"250px","pageTitleFont":{"family":"Default","variation":"Default","size":"30px","line-height":"CT_CSS_SKIP_RULE","letter-spacing":"CT_CSS_SKIP_RULE","text-transform":"CT_CSS_SKIP_RULE","text-decoration":"CT_CSS_SKIP_RULE"},"pageTitleFontColor":{"default":{"color":"CT_CSS_SKIP_RULEDEFAULT"}},"pageMetaFont":{"family":"Default","variation":"n6","size":"12px","line-height":"1.3","letter-spacing":"CT_CSS_SKIP_RULE","text-transform":"uppercase","text-decoration":"CT_CSS_SKIP_RULE"},"pageMetaFontColor":{"default":{"color":"CT_CSS_SKIP_RULEDEFAULT"},"hover":{"color":"CT_CSS_SKIP_RULEDEFAULT"}},"page_meta_button_type_font_colors":{"default":{"color":"CT_CSS_SKIP_RULEDEFAULT"},"hover":{"color":"CT_CSS_SKIP_RULEDEFAULT"}},"page_meta_button_type_background_colors":{"default":{"color":"CT_CSS_SKIP_RULEDEFAULT"},"hover":{"color":"CT_CSS_SKIP_RULEDEFAULT"}},"pageExcerptFont":{"family":"Default","variation":"Default","size":"CT_CSS_SKIP_RULE","line-height":"CT_CSS_SKIP_RULE","letter-spacing":"CT_CSS_SKIP_RULE","text-transform":"CT_CSS_SKIP_RULE","text-decoration":"CT_CSS_SKIP_RULE"},"pageExcerptColor":{"default":{"color":"CT_CSS_SKIP_RULEDEFAULT"}},"breadcrumbsFont":{"family":"Default","variation":"Default","size":"CT_CSS_SKIP_RULE","line-height":"CT_CSS_SKIP_RULE","letter-spacing":"CT_CSS_SKIP_RULE","text-transform":"CT_CSS_SKIP_RULE","text-decoration":"CT_CSS_SKIP_RULE"},"breadcrumbsFontColor":{"default":{"color":"CT_CSS_SKIP_RULEDEFAULT"},"initial":{"color":"CT_CSS_SKIP_RULEDEFAULT"},"hover":{"color":"CT_CSS_SKIP_RULEDEFAULT"}},"acf_field_hero_elements":"","typography":{"family":"Default","variation":"Default","size":"CT_CSS_SKIP_RULE","line-height":"CT_CSS_SKIP_RULE","letter-spacing":"CT_CSS_SKIP_RULE","text-transform":"CT_CSS_SKIP_RULE","text-decoration":"CT_CSS_SKIP_RULE"},"color":{"default":{"color":"CT_CSS_SKIP_RULEDEFAULT"},"hover":{"color":"CT_CSS_SKIP_RULEDEFAULT"}},"metabox_field_hero_elements":"","toolset_field_hero_elements":"","jetengine_field_hero_elements":"","custom_field_hero_elements":"","pageTitleOverlay":{"background_type":"color","background_pattern":"type-1","background_image":{"attachment_id":null,"x":0,"y":0},"gradient":"linear-gradient(135deg,rgba(6,147,227,1) 0%,rgb(155,81,224) 100%)","background_repeat":"repeat","background_size":"auto","background_attachment":"scroll","patternColor":{"default":{"color":"#e5e7ea"}},"overlayColor":{"default":{"color":"CT_CSS_SKIP_RULE"}},"backgroundColor":{"default":{"color":"CT_CSS_SKIP_RULE"}}},"pageTitleBackground":{"background_type":"color","background_pattern":"type-1","background_image":{"attachment_id":null,"x":0,"y":0},"gradient":"linear-gradient(135deg,rgba(6,147,227,1) 0%,rgb(155,81,224) 100%)","background_repeat":"repeat","background_size":"auto","background_attachment":"scroll","patternColor":{"default":{"color":"#e5e7ea"}},"overlayColor":{"default":{"color":"CT_CSS_SKIP_RULE"}},"backgroundColor":{"default":{"color":"var(--theme-palette-color-6)"}}},"pageTitlePadding":{"top":"50px","bottom":"50px","left":"auto","right":"auto","linked":true},"b537cb91dcd3612a80dc54fe1b37176f":"","page_structure_type":"type-3","ce593cc60057d316f98c0b10f7f0e4a2":"","content_style_source":"inherit","content_style":"wide","vertical_spacing_source":"inherit","content_area_spacing":"both","background":{"background_type":"color","background_pattern":"type-1","background_image":{"attachment_id":null,"x":0,"y":0},"gradient":"linear-gradient(135deg,rgba(6,147,227,1) 0%,rgb(155,81,224) 100%)","background_repeat":"repeat","background_size":"auto","background_attachment":"scroll","patternColor":{"default":{"color":"#e5e7ea"}},"overlayColor":{"default":{"color":"CT_CSS_SKIP_RULE"}},"backgroundColor":{"default":{"color":"CT_CSS_SKIP_RULE"}}},"content_background":{"background_type":"color","background_pattern":"type-1","background_image":{"attachment_id":null,"x":0,"y":0},"gradient":"linear-gradient(135deg,rgba(6,147,227,1) 0%,rgb(155,81,224) 100%)","background_repeat":"repeat","background_size":"auto","background_attachment":"scroll","patternColor":{"default":{"color":"#e5e7ea"}},"overlayColor":{"default":{"color":"CT_CSS_SKIP_RULE"}},"backgroundColor":{"default":{"color":"var(--theme-palette-color-8)"}}},"content_boxed_shadow":{"inherit":false,"blur":18,"spread":-6,"v_offset":12,"h_offset":0,"inset":false,"enable":true,"color":{"color":"rgba(34, 56, 101, 0.04)"}},"boxed_content_spacing":{"desktop":{"top":"40px","bottom":"40px","left":"40px","right":"40px","linked":true},"tablet":{"top":"35px","bottom":"35px","left":"35px","right":"35px","linked":true},"mobile":{"top":"20px","bottom":"20px","left":"20px","right":"20px","linked":true}},"content_boxed_radius":{"top":"3px","bottom":"3px","left":"3px","right":"3px","linked":true},"05632df32b4f288abca9e39e02d9e02e":"","disable_featured_image":"no","disable_header":"no","disable_footer":"no"},"featured_image_urls_v2":{"full":"","thumbnail":"","medium":"","medium_large":"","large":"","gs-tiny":"","xl":"","xxl":"","xxxl":"","xxxxl":"","xxxxxl":"","1536x1536":"","2048x2048":""},"post_excerpt_stackable_v2":"<p>O Grupo de Estudos Multidisciplinar da A\u00e7\u00e3o Afirmativa (GEMAA) \u00e9 um n\u00facleo de pesquisa com inscri\u00e7\u00e3o no CNPq e sede no IESP-UERJ. Criado em 2008 com o intuito de produzir estudos sobre a\u00e7\u00e3o afirmativa a partir de uma variedade de abordagens metodol\u00f3gicas, o GEMAA ampliou sua \u00e1rea de atua\u00e7\u00e3o e hoje desenvolve investiga\u00e7\u00f5es sobre a representa\u00e7\u00e3o de ra\u00e7a e g\u00eanero na educa\u00e7\u00e3o, na m\u00eddia, na pol\u00edtica e em diversas outras esferas da vida social.Al\u00e9m das atividades de pesquisa, o grupo tem ampla participa\u00e7\u00e3o no debate acad\u00eamico e jornal\u00edstico, seja pela produ\u00e7\u00e3o de dados sistem\u00e1ticos sobre nossas desigualdades, seja pela dissemina\u00e7\u00e3o&hellip;<\/p>\n","category_list_v2":"","author_info_v2":{"name":"gerome","url":"https:\/\/gemaa.iesp.uerj.br\/en\/author\/gerome\/"},"comments_num_v2":"0 comments","acf":[],"_links":{"self":[{"href":"https:\/\/gemaa.iesp.uerj.br\/en\/wp-json\/wp\/v2\/pages\/6804","targetHints":{"allow":["GET"]}}],"collection":[{"href":"https:\/\/gemaa.iesp.uerj.br\/en\/wp-json\/wp\/v2\/pages"}],"about":[{"href":"https:\/\/gemaa.iesp.uerj.br\/en\/wp-json\/wp\/v2\/types\/page"}],"author":[{"embeddable":true,"href":"https:\/\/gemaa.iesp.uerj.br\/en\/wp-json\/wp\/v2\/users\/1"}],"replies":[{"embeddable":true,"href":"https:\/\/gemaa.iesp.uerj.br\/en\/wp-json\/wp\/v2\/comments?post=6804"}],"version-history":[{"count":0,"href":"https:\/\/gemaa.iesp.uerj.br\/en\/wp-json\/wp\/v2\/pages\/6804\/revisions"}],"wp:attachment":[{"href":"https:\/\/gemaa.iesp.uerj.br\/en\/wp-json\/wp\/v2\/media?parent=6804"}],"curies":[{"name":"wp","href":"https:\/\/api.w.org\/{rel}","templated":true}]}}